{"id":11008,"date":"2022-04-05T22:37:10","date_gmt":"2022-04-05T19:37:10","guid":{"rendered":"https:\/\/fabor.com.tr\/hizmet-sartlari\/"},"modified":"2022-09-02T00:18:38","modified_gmt":"2022-09-01T21:18:38","slug":"terms-of-service","status":"publish","type":"page","link":"https:\/\/fabor.com.tr\/en\/terms-of-service\/","title":{"rendered":"TERMS OF SERVICE"},"content":{"rendered":"<section class=\"wpb-content-wrapper\"><p>[vc_row][vc_column][vc_column_text woodmart_inline=&#8221;no&#8221; text_larger=&#8221;no&#8221;]Bu H\u00fck\u00fcm ve Ko\u015fullar, Fabor Jewellery ile m\u00fc\u015fterilerimiz aras\u0131ndaki ili\u015fkiyi d\u00fczenler.<\/p>\n<p>&#8230;&#8230;&#8230;&#8230; adresinden bize e-posta g\u00f6ndererek bizimle ileti\u015fime ge\u00e7ebilirsiniz.<br \/>\nSizinle ileti\u015fim kurmam\u0131z gerekirse, bunu size verilen e-posta adresine veya posta adresine yazarak yapaca\u011f\u0131z.<\/p>\n<p>Sipari\u015finizi onaylaman\u0131z i\u00e7in size e-posta g\u00f6nderilecektir. Sipari\u015finizi onaylad\u0131\u011f\u0131n\u0131z\u00a0takdirde, sizinle aram\u0131zda bir s\u00f6zle\u015fme olu\u015facakt\u0131r.<\/p>\n<p>Sipari\u015finizi kabul edemezsek, bunu size yaz\u0131l\u0131 olarak bildirece\u011fiz ve \u00fcr\u00fcn i\u00e7in sizden \u00fccret talep etmeyece\u011fiz. Bunun nedeni, \u00fcr\u00fcn\u00fcn stokta olmamas\u0131 veya kaynaklar\u0131m\u0131zda makul bir \u015fekilde planlayamad\u0131\u011f\u0131m\u0131z beklenmedik s\u0131n\u0131rlamalar olabilir.<\/p>\n<p>Sipari\u015finize bir sipari\u015f numaras\u0131 atayaca\u011f\u0131z ve sipari\u015finizi kabul etti\u011fimizde size bunun ne oldu\u011funu s\u00f6yleyece\u011fiz. Sipari\u015finizle ilgili olarak bizimle ileti\u015fime ge\u00e7ti\u011finizde sipari\u015f numaran\u0131z\u0131 bizimle payla\u015fman\u0131z gerekmektedir..<\/p>\n<p>Stokta bulunan t\u00fcm mallar\u0131 \/ \u00fcr\u00fcnleri, sipari\u015fin al\u0131nd\u0131\u011f\u0131 g\u00fcnden itibaren &#8230;.. g\u00fcn t i\u00e7inde g\u00f6ndermeyi hedefliyoruz, ancak, belirli ko\u015fullar alt\u0131nda \u00fcr\u00fcn\u00fcn\u00fcz\u00fc gecikmeli g\u00f6nderemeyebilece\u011fimizi l\u00fctfen unutmay\u0131n.<\/p>\n<p>Web sitemizdeki \u00fcr\u00fcnlerin g\u00f6rselleri yaln\u0131zca a\u00e7\u0131klama ama\u00e7l\u0131d\u0131r. Renkleri do\u011fru bir \u015fekilde g\u00f6r\u00fcnt\u00fclemek i\u00e7in her t\u00fcrl\u00fc \u00e7abay\u0131 g\u00f6stermi\u015f olsak da, bir bilgisayar monit\u00f6r\u00fcn\u00fcn \/ mobil cihaz\u0131n renkleri g\u00f6r\u00fcnt\u00fclemesinin \u00fcr\u00fcnlerin rengini do\u011fru bir \u015fekilde yans\u0131tt\u0131\u011f\u0131n\u0131 garanti edemeyiz.<\/p>\n<p>Sipari\u015f etti\u011finiz \u00fcr\u00fcn veya \u00fcr\u00fcnlerde de\u011fi\u015fiklik yapmak isterseniz, l\u00fctfen bizimle ileti\u015fime ge\u00e7in. De\u011fi\u015fikli\u011fin m\u00fcmk\u00fcn olup olmad\u0131\u011f\u0131n\u0131 size bildirece\u011fiz. M\u00fcmk\u00fcnse, talep etti\u011finiz de\u011fi\u015fikli\u011fin bir sonucu olarak \u00fcr\u00fcn\u00fcn fiyat\u0131nda, tedarik zamanlamas\u0131nda veya gerekli olabilecek di\u011fer herhangi bir de\u011fi\u015fiklik hakk\u0131nda sizi bilgilendirece\u011fiz ve devam etmek isteyip istemedi\u011finizi onaylaman\u0131z\u0131 rica edece\u011fiz.<\/p>\n<p>Ba\u015far\u0131s\u0131z bir teslimattan sonra, teslimat\u0131 yeniden d\u00fczenlemek veya \u00fcr\u00fcn(ler)i teslimat deposundan almak m\u00fc\u015fterinin sorumlulu\u011fundad\u0131r. Fabor Jewellery, teslim al\u0131nmayan \/ yeniden g\u00f6nderilmeyen \u00fcr\u00fcnleri iade etmeyecek veya de\u011fi\u015ftirmeyecektir.<\/p>\n<p>\u00dcretimine ba\u015flanm\u0131\u015f sipari\u015flerin iadesi m\u00fcmk\u00fcn de\u011fildir.<\/p>\n<p>\u015eirketimizin belirlemi\u015f oldu\u011fu transfer y\u00f6ntemleri ve firmalar\u0131 d\u0131\u015f\u0131nda bir talepte bulundu\u011funuz takdirde, s\u00fcre\u00e7 ve \u00fcr\u00fcn tamamen sizin sorumlulu\u011funuzda olacakt\u0131r.<\/p>\n<p>Al\u0131c\u0131 taraf\u0131ndan kaynaklanan g\u00fcmr\u00fck i\u015flemleri ile alakal\u0131 konularda sorumluluk al\u0131c\u0131ya aittir, Fabor Jewellery al\u0131c\u0131 \u00fclke g\u00fcmr\u00fc\u011f\u00fcnde kalan \u00fcr\u00fcnlerden sorumlu olmayacakt\u0131r.[\/vc_column_text][\/vc_column][\/vc_row][vc_row full_width=&#8221;stretch_row&#8221; css=&#8221;.vc_custom_1649190724075{margin-bottom: -40px !important;background-color: #000000 !important;}&#8221; woodmart_css_id=&#8221;624ca7394f514&#8243; responsive_spacing=&#8221;eyJwYXJhbV90eXBlIjoid29vZG1hcnRfcmVzcG9uc2l2ZV9zcGFjaW5nIiwic2VsZWN0b3JfaWQiOiI2MjRjYTczOTRmNTE0Iiwic2hvcnRjb2RlIjoidmNfcm93IiwiZGF0YSI6eyJ0YWJsZXQiOnt9LCJtb2JpbGUiOnt9fX0=&#8221; mobile_bg_img_hidden=&#8221;no&#8221; tablet_bg_img_hidden=&#8221;no&#8221; woodmart_parallax=&#8221;0&#8243; woodmart_gradient_switch=&#8221;no&#8221; woodmart_box_shadow=&#8221;no&#8221; wd_z_index=&#8221;no&#8221; woodmart_disable_overflow=&#8221;0&#8243; row_reverse_mobile=&#8221;0&#8243; row_reverse_tablet=&#8221;0&#8243;][vc_column css=&#8221;.vc_custom_1488538101973{padding-top: 0px !important;padding-bottom: 0px !important;}&#8221;][vc_custom_heading text=&#8221;TALEPLER\u0130N\u0130Z\u0130 G\u00d6NDER\u0130N\u0130Z&#8221; font_container=&#8221;tag:h4|text_align:center&#8221; use_theme_fonts=&#8221;yes&#8221;]\n<div class=\"wpcf7 no-js\" id=\"wpcf7-f11001-o1\" lang=\"en-US\" dir=\"ltr\">\n<div class=\"screen-reader-response\"><p role=\"status\" aria-live=\"polite\" aria-atomic=\"true\"><\/p> <ul><\/ul><\/div>\n<form action=\"\/en\/wp-json\/wp\/v2\/pages\/11008#wpcf7-f11001-o1\" method=\"post\" class=\"wpcf7-form init\" aria-label=\"Contact form\" novalidate=\"novalidate\" data-status=\"init\">\n<div style=\"display: none;\">\n<input type=\"hidden\" name=\"_wpcf7\" value=\"11001\" \/>\n<input type=\"hidden\" name=\"_wpcf7_version\" value=\"5.7.3\" \/>\n<input type=\"hidden\" name=\"_wpcf7_locale\" value=\"en_US\" \/>\n<input type=\"hidden\" name=\"_wpcf7_unit_tag\" value=\"wpcf7-f11001-o1\" \/>\n<input type=\"hidden\" name=\"_wpcf7_container_post\" value=\"0\" \/>\n<input type=\"hidden\" name=\"_wpcf7_posted_data_hash\" value=\"\" \/>\n<\/div>\n<div class=\"row\">\n\t<p class=\"col-md-6\"><span class=\"wpcf7-form-control-wrap\" data-name=\"email\"><input size=\"40\" class=\"wpcf7-form-control wpcf7-text wpcf7-email wpcf7-validates-as-required wpcf7-validates-as-email\" aria-required=\"true\" aria-invalid=\"false\" placeholder=\"Email Address\" value=\"\" type=\"email\" name=\"email\" \/><\/span>\n\t<\/p>\n\t<p class=\"col-md-6\"><span class=\"wpcf7-form-control-wrap\" data-name=\"tel\"><input size=\"40\" class=\"wpcf7-form-control wpcf7-text wpcf7-tel wpcf7-validates-as-required wpcf7-validates-as-tel\" aria-required=\"true\" aria-invalid=\"false\" placeholder=\"Phone\/Whatsapp\" value=\"\" type=\"tel\" name=\"tel\" \/><\/span>\n\t<\/p>\n<\/div>\n<div class=\"row\">\n\t<p class=\"col-md-6\"><span class=\"wpcf7-form-control-wrap\" data-name=\"kitalar\"><select class=\"wpcf7-form-control wpcf7-select wpcf7-validates-as-required\" aria-required=\"true\" aria-invalid=\"false\" name=\"kitalar\"><option value=\"Europe\">Europe<\/option><option value=\"Africa\">Africa<\/option><option value=\"Asia\">Asia<\/option><option value=\"North America\">North America<\/option><option value=\"South America\">South America<\/option><option value=\"Australia\">Australia<\/option><\/select><\/span>\n\t<\/p>\n\t<p class=\"col-md-6\"><span class=\"wpcf7-form-control-wrap\" data-name=\"sirket\"><input size=\"40\" class=\"wpcf7-form-control wpcf7-text wpcf7-validates-as-required\" aria-required=\"true\" aria-invalid=\"false\" placeholder=\"Company Title\" value=\"\" type=\"text\" name=\"sirket\" \/><\/span>\n\t<\/p>\n<\/div>\n<p><span class=\"wpcf7-form-control-wrap\" data-name=\"your-message\"><textarea cols=\"40\" rows=\"10\" class=\"wpcf7-form-control wpcf7-textarea\" aria-invalid=\"false\" placeholder=\"Message\" name=\"your-message\"><\/textarea><\/span>\n<\/p>\n<p><input class=\"wpcf7-form-control has-spinner wpcf7-submit btn-color-black\" type=\"submit\" value=\"SEND\" \/>\n<\/p><div class=\"wpcf7-response-output\" aria-hidden=\"true\"><\/div>\n<\/form>\n<\/div>\n[\/vc_column][\/vc_row]<\/p>\n<\/section>","protected":false},"excerpt":{"rendered":"<p>[vc_row][vc_column][vc_column_text woodmart_inline=&#8221;no&#8221; text_larger=&#8221;no&#8221;]Bu H\u00fck\u00fcm ve Ko\u015fullar, Fabor Jewellery ile m\u00fc\u015fterilerimiz aras\u0131ndaki ili\u015fkiyi d\u00fczenler. &#8230;&#8230;&#8230;&#8230; adresinden bize e-posta g\u00f6ndererek bizimle ileti\u015fime<\/p>\n","protected":false},"author":1,"featured_media":0,"parent":0,"menu_order":0,"comment_status":"closed","ping_status":"closed","template":"","meta":{"footnotes":""},"class_list":["post-11008","page","type-page","status-publish","hentry"],"_links":{"self":[{"href":"https:\/\/fabor.com.tr\/en\/wp-json\/wp\/v2\/pages\/11008","targetHints":{"allow":["GET"]}}],"collection":[{"href":"https:\/\/fabor.com.tr\/en\/wp-json\/wp\/v2\/pages"}],"about":[{"href":"https:\/\/fabor.com.tr\/en\/wp-json\/wp\/v2\/types\/page"}],"author":[{"embeddable":true,"href":"https:\/\/fabor.com.tr\/en\/wp-json\/wp\/v2\/users\/1"}],"replies":[{"embeddable":true,"href":"https:\/\/fabor.com.tr\/en\/wp-json\/wp\/v2\/comments?post=11008"}],"version-history":[{"count":1,"href":"https:\/\/fabor.com.tr\/en\/wp-json\/wp\/v2\/pages\/11008\/revisions"}],"predecessor-version":[{"id":11009,"href":"https:\/\/fabor.com.tr\/en\/wp-json\/wp\/v2\/pages\/11008\/revisions\/11009"}],"wp:attachment":[{"href":"https:\/\/fabor.com.tr\/en\/wp-json\/wp\/v2\/media?parent=11008"}],"curies":[{"name":"wp","href":"https:\/\/api.w.org\/{rel}","templated":true}]}}